{"id":2,"date":"2022-02-16T02:12:23","date_gmt":"2022-02-16T02:12:23","guid":{"rendered":"https:\/\/sipe-at.org\/?page_id=2"},"modified":"2023-03-01T21:36:44","modified_gmt":"2023-03-01T21:36:44","slug":"sample-page","status":"publish","type":"page","link":"https:\/\/sipe-at.org\/","title":{"rendered":"Bienvenue"},"content":{"rendered":"\n<p>Soci\u00e9t\u00e9 internationale fond\u00e9e en 1959. Notre objectif est d&rsquo;assurer le rayonnement de l&rsquo;art th\u00e9rapie, en rassemblant scientifiques et professionnels.<\/p>\n\n\n\n<blockquote class=\"wp-block-quote\">\n<p>La SIPE a \u00e9t\u00e9 fond\u00e9e en octobre 1959 par le Professeur Robert Volmat, sous la Pr\u00e9sidence d&rsquo;honneur du Professeur Jean Delay (Clinique des Maladies Mentales et de l&rsquo;Enc\u00e9phale, H\u00f4pital Sainte-Anne, Paris), lors du 1er Congr\u00e8s International d&rsquo;Art Psychopathologie de V\u00e9rone, regroupant alors neuf soci\u00e9t\u00e9s nationales d\u00e9j\u00e0 existantes.<\/p>\n<\/blockquote>\n","protected":false},"excerpt":{"rendered":"<p>Soci\u00e9t\u00e9 internationale fond\u00e9e en 1959. Notre objectif est d&rsquo;assurer le rayonnement de l&rsquo;art th\u00e9rapie, en rassemblant scientifiques et professionnels. La SIPE a \u00e9t\u00e9 fond\u00e9e en octobre 1959 par le Professeur Robert Volmat, sous la Pr\u00e9sidence d&rsquo;honneur du Professeur Jean Delay (Clinique des Maladies Mentales et de l&rsquo;Enc\u00e9phale, H\u00f4pital Sainte-Anne, Paris), lors du 1er Congr\u00e8s International [&hellip;]<\/p>\n","protected":false},"author":1,"featured_media":0,"parent":0,"menu_order":0,"comment_status":"closed","ping_status":"open","template":"","meta":[],"_links":{"self":[{"href":"https:\/\/sipe-at.org\/index.php\/wp-json\/wp\/v2\/pages\/2"}],"collection":[{"href":"https:\/\/sipe-at.org\/index.php\/wp-json\/wp\/v2\/pages"}],"about":[{"href":"https:\/\/sipe-at.org\/index.php\/wp-json\/wp\/v2\/types\/page"}],"author":[{"embeddable":true,"href":"https:\/\/sipe-at.org\/index.php\/wp-json\/wp\/v2\/users\/1"}],"replies":[{"embeddable":true,"href":"https:\/\/sipe-at.org\/index.php\/wp-json\/wp\/v2\/comments?post=2"}],"version-history":[{"count":5,"href":"https:\/\/sipe-at.org\/index.php\/wp-json\/wp\/v2\/pages\/2\/revisions"}],"predecessor-version":[{"id":158,"href":"https:\/\/sipe-at.org\/index.php\/wp-json\/wp\/v2\/pages\/2\/revisions\/158"}],"wp:attachment":[{"href":"https:\/\/sipe-at.org\/index.php\/wp-json\/wp\/v2\/media?parent=2"}],"curies":[{"name":"wp","href":"https:\/\/api.w.org\/{rel}","templated":true}]}}