{"id":217,"date":"2023-03-07T21:53:55","date_gmt":"2023-03-07T21:53:55","guid":{"rendered":"https:\/\/sipe-at.org\/?page_id=217"},"modified":"2023-05-02T17:31:37","modified_gmt":"2023-05-02T17:31:37","slug":"recent-publications","status":"publish","type":"page","link":"https:\/\/sipe-at.org\/index.php\/en\/recent-publications\/","title":{"rendered":"Recent publications"},"content":{"rendered":"\n<ul>\n<li><strong><u>Articles<\/u><\/strong><\/li>\n<\/ul>\n\n\n\n<ol type=\"1\" start=\"1\">\n<li>ARTIN-EXCOFFIER L., SCHILTZ L. et SUDRES J.-L. (2022). L\u2019art-th\u00e9rapie et les adolescents : clinique d\u2019une \u00e9vidence. <em>Perspectives Psychiatriques<\/em>, Vol. 61, n\u00b01, Janvier-Mars 2022, p. 84\u201392.<\/li>\n\n\n\n<li>MAOZ Z., RICH S., SUDRES J.L. et BOUCHARD J.P. (2022). L\u2019accompagnement psychologique de patients Covid long lors d\u2019un s\u00e9jour de r\u00e9\u00e9ducation. <em>La Revue de l\u2019Infirmi\u00e8re<\/em>, n\u00b0 284 ; 26-28.<\/li>\n\n\n\n<li>BORDET A. et SUDRES J.L. (2022). Art-th\u00e9rapeute&nbsp; : qui es-tu vraiment ?. <em>Artension<\/em>. Hors-s\u00e9rie Num\u00e9ro 33 ; p 26-27.<\/li>\n<\/ol>\n\n\n\n<figure class=\"wp-block-image size-large\"><img decoding=\"async\" loading=\"lazy\" width=\"656\" height=\"1024\" src=\"https:\/\/sipe-at.org\/wp-content\/uploads\/2023\/03\/ARTENSION-1-656x1024.jpg\" alt=\"\" class=\"wp-image-218\" srcset=\"https:\/\/sipe-at.org\/wp-content\/uploads\/2023\/03\/ARTENSION-1-656x1024.jpg 656w, https:\/\/sipe-at.org\/wp-content\/uploads\/2023\/03\/ARTENSION-1-192x300.jpg 192w, https:\/\/sipe-at.org\/wp-content\/uploads\/2023\/03\/ARTENSION-1-768x1200.jpg 768w, https:\/\/sipe-at.org\/wp-content\/uploads\/2023\/03\/ARTENSION-1-983x1536.jpg 983w, https:\/\/sipe-at.org\/wp-content\/uploads\/2023\/03\/ARTENSION-1.jpg 1000w\" sizes=\"(max-width: 656px) 100vw, 656px\" \/><\/figure>\n\n\n\n<hr class=\"wp-block-separator has-alpha-channel-opacity\"\/>\n\n\n\n<div class=\"wp-block-media-text alignwide is-stacked-on-mobile\"><figure class=\"wp-block-media-text__media\"><img decoding=\"async\" loading=\"lazy\" width=\"200\" height=\"284\" src=\"https:\/\/sipe-at.org\/wp-content\/uploads\/2023\/03\/Internation-Journal-of-Art-Therapy-2.jpg\" alt=\"\" class=\"wp-image-229 size-full\"\/><\/figure><div class=\"wp-block-media-text__content\">\n<p>Practitioner perspectives on art therapy with couples in relational crisis: a qualitative exploration &#8211;<\/p>\n\n\n\n<p>Maria Fjellfeldt &amp; Dalida Rokka<\/p>\n\n\n\n<p><a href=\"https:\/\/doi.org\/10.1080\/17454832.2022.2096087\">https:\/\/doi.org\/10.1080\/17454832.2022.2096087<\/a><\/p>\n<\/div><\/div>\n\n\n\n<hr class=\"wp-block-separator has-alpha-channel-opacity\"\/>\n\n\n\n<h2 class=\"wp-block-heading has-text-color has-normal-font-size\" style=\"color:#1804f4\">Recent art therapy news in Hungary : <\/h2>\n\n\n\n<div class=\"wp-block-file\"><a id=\"wp-block-file--media-3f4607ea-e259-46d1-8282-5391cebc8e43\" href=\"https:\/\/sipe-at.org\/wp-content\/uploads\/2023\/03\/Recent-art-therapy-news-in-Hungary.docx\">Recent-art-therapy-news-in-Hungary<\/a><a href=\"https:\/\/sipe-at.org\/wp-content\/uploads\/2023\/03\/Recent-art-therapy-news-in-Hungary.docx\" class=\"wp-block-file__button wp-element-button\" download aria-describedby=\"wp-block-file--media-3f4607ea-e259-46d1-8282-5391cebc8e43\">T\u00e9l\u00e9charger<\/a><\/div>\n\n\n\n<hr class=\"wp-block-separator has-alpha-channel-opacity\"\/>\n\n\n\n<h2 class=\"wp-block-heading has-text-color has-normal-font-size\" style=\"color:#5404f4\"><strong>Dr Prof. Mila Aleckovic-Bataille<\/strong><\/h2>\n\n\n\n<p>The mere fact that one of the founders of the International Society for Psychopathology of Expression and Art Therapy is Professor Jean Delay is enough to create worldwide respect for our association even among people who do not know what it is. is the psychopathology of expression or art therapy. In the countries of Slavic origin, and in Serbia in particular, throughout history, doctors often belonged to various artistic societies, most often they sang in a choir or were painters, artists or writers. Especially in the Serbian historical tradition, those who studied medicine were usually also distinguished writers or even poets. One of the greatest poets, for children Jovan Jovanovic \u2013 Zmaj was originally a doctor. This is specific to the historical tradition in all countries of Slavic origin, so much so that medicine and healing were often experienced as a gift and an art. The ancient magical power of doctors seems to have remained in the subconscious of people. In the Ukrainian and Russian tradition, the doctor is nowadays called vulch (\u0432\u0440\u0430\u0447), which literally means the good wizard. This whole historical tradition has created the preconditions for the psychopathology of expression and art therapy today to be experienced as something very positive, noble and desirable.<\/p>\n\n\n\n<p>Current situation<\/p>\n\n\n\n<p>In the space of the former Yugoslavia and in Serbia in particular, the current interest in art therapy is considerable, both in the professional circles of our colleagues and among artists or patients.<\/p>\n\n\n\n<p>After our joint SIPE Congress in Belgrade in 2015, this interest grew even more. Television channels in Belgrade repeatedly broadcast the report on our Congress. Students from various faculties in Belgrade are particularly interested in art therapy and often ask for such an optional course to be introduced in their faculty. On the interior walls of the main psychiatric hospital in Belgrade there are drawings of patients through which their recovery was monitored. The contact with the artists is even better. Whether they are musicians, painters, poet sculptors or theater actors, their passion for immanent psychotherapy through creation is known. In a TV show that I was doing at the time in the name of: Creation and immortality I discussed with famous artists from Serbia the subject of psychopathology and art. This series of programs showed the public the great interest that the artists had for psychology, psychiatry and psychotherapy.<\/p>\n\n\n\n<p>In the end, I would say that I am convinced that the mission of SIPE and of all these brave doctors, psychotherapists, researchers, artists and sympathizers in our humanist family has a future, especially internationally.<\/p>\n\n\n\n<p>As a representative for the region of the former Yugoslavia and particularly for Serbia and straddling France and Serbia, I believe I can find very fertile ground for creation in the service of patients and our sincere desire to heal. the human soul.<\/p>\n\n\n\n<p><strong><em>Dr Prof.DrSc Mila Aleckovic-Bataille<\/em><\/strong>, <strong><em>University Professor<\/em><\/strong> <strong><em>Specialist of anthropological psychiatry<\/em><\/strong> <strong><em>and neuropsychology<\/em><\/strong>, <strong><em>PhD&nbsp; in Philosophy (University of Sorbonne)<\/em><\/strong>, <strong><em>Doctor in Medical Psychology<\/em><\/strong><\/p>\n\n\n\n<p><strong><em>Member of SIPE, International Society of Psychopathology of Expression<\/em><\/strong><\/p>\n\n\n\n<p><strong><em>Psychotherapist,<\/em><\/strong><strong><em>Pediatric expert <\/em><\/strong><em>&nbsp;<\/em><\/p>\n\n\n\n<hr class=\"wp-block-separator has-alpha-channel-opacity\"\/>\n\n\n\n<p class=\"has-text-align-center has-text-color\" style=\"color:#1c08f7\">Henryka Lesniewska, Docteur en psychologie, Neuropsychologue, Art-th\u00e9rapeute, Auteure<\/p>\n\n\n\n<div class=\"wp-block-file\"><a id=\"wp-block-file--media-20b715b8-61ac-4881-9134-4a2af9c64779\" href=\"https:\/\/sipe-at.org\/wp-content\/uploads\/2023\/04\/Scan-couverture-article-Musicotherapie-et-Alzheimer-3.pdf\">Scan-couverture-article-Musicotherapie-et-Alzheimer-3<\/a><a href=\"https:\/\/sipe-at.org\/wp-content\/uploads\/2023\/04\/Scan-couverture-article-Musicotherapie-et-Alzheimer-3.pdf\" class=\"wp-block-file__button wp-element-button\" download aria-describedby=\"wp-block-file--media-20b715b8-61ac-4881-9134-4a2af9c64779\">T\u00e9l\u00e9charger<\/a><\/div>\n\n\n\n<p>Latest book : <\/p>\n\n\n<div class=\"wp-block-image\">\n<figure class=\"aligncenter size-full\"><img decoding=\"async\" loading=\"lazy\" width=\"220\" height=\"346\" src=\"https:\/\/sipe-at.org\/wp-content\/uploads\/2023\/04\/Quand-la-musique-soigne-Alzheimer-1.jpg\" alt=\"\" class=\"wp-image-419\" srcset=\"https:\/\/sipe-at.org\/wp-content\/uploads\/2023\/04\/Quand-la-musique-soigne-Alzheimer-1.jpg 220w, https:\/\/sipe-at.org\/wp-content\/uploads\/2023\/04\/Quand-la-musique-soigne-Alzheimer-1-191x300.jpg 191w\" sizes=\"(max-width: 220px) 100vw, 220px\" \/><\/figure><\/div>\n\n\n<hr class=\"wp-block-separator has-alpha-channel-opacity\"\/>\n\n\n<p>Mathilde Fragonas and Jean-Luc Sudres have just published online in<\/p>\n<p>the journal Annales M\u00e9dico-Psychologiques the article :<\/p>\n\n\n<h2 class=\"wp-block-heading has-text-align-center has-text-color has-large-font-size\" style=\"color:#0804fd\"><em>\u00ab\u00a0Art-therapy and Unaccompanied Minors : Indications, treatment and efficacy\u00a0\u00bb<\/em><\/h2>\n\n\n<p>This link gives direct access to the article until June 15, 2023 : <a href=\"https:\/\/authors.elsevier.com\/a\/1g~9joBtwC-u\"><strong>https:\/\/authors.elsevier.com\/a\/1g%7E9joBtwC-u<\/strong><\/a><\/p>\n\n\n<hr class=\"wp-block-separator has-alpha-channel-opacity\"\/>\n","protected":false},"excerpt":{"rendered":"<p>Practitioner perspectives on art therapy with couples in relational crisis: a qualitative exploration &#8211; Maria Fjellfeldt &amp; Dalida Rokka https:\/\/doi.org\/10.1080\/17454832.2022.2096087 Recent art therapy news in Hungary : Dr Prof. Mila Aleckovic-Bataille The mere fact that one of the founders of the International Society for Psychopathology of Expression and Art Therapy is Professor Jean Delay is [&hellip;]<\/p>\n","protected":false},"author":2,"featured_media":0,"parent":0,"menu_order":0,"comment_status":"closed","ping_status":"closed","template":"","meta":[],"_links":{"self":[{"href":"https:\/\/sipe-at.org\/index.php\/wp-json\/wp\/v2\/pages\/217"}],"collection":[{"href":"https:\/\/sipe-at.org\/index.php\/wp-json\/wp\/v2\/pages"}],"about":[{"href":"https:\/\/sipe-at.org\/index.php\/wp-json\/wp\/v2\/types\/page"}],"author":[{"embeddable":true,"href":"https:\/\/sipe-at.org\/index.php\/wp-json\/wp\/v2\/users\/2"}],"replies":[{"embeddable":true,"href":"https:\/\/sipe-at.org\/index.php\/wp-json\/wp\/v2\/comments?post=217"}],"version-history":[{"count":7,"href":"https:\/\/sipe-at.org\/index.php\/wp-json\/wp\/v2\/pages\/217\/revisions"}],"predecessor-version":[{"id":459,"href":"https:\/\/sipe-at.org\/index.php\/wp-json\/wp\/v2\/pages\/217\/revisions\/459"}],"wp:attachment":[{"href":"https:\/\/sipe-at.org\/index.php\/wp-json\/wp\/v2\/media?parent=217"}],"curies":[{"name":"wp","href":"https:\/\/api.w.org\/{rel}","templated":true}]}}