{"id":37,"date":"2022-02-16T03:18:07","date_gmt":"2022-02-16T03:18:07","guid":{"rendered":"https:\/\/sipe-at.org\/?page_id=37"},"modified":"2022-02-28T03:25:55","modified_gmt":"2022-02-28T03:25:55","slug":"echanges","status":"publish","type":"page","link":"https:\/\/sipe-at.org\/index.php\/echanges\/","title":{"rendered":"\u00c9changes"},"content":{"rendered":"\n<p class=\"has-background-color has-secondary-background-color has-text-color has-background\"><strong><strong>Quelles sont les techniques artistiques utilisables en art-th\u00e9rapie ?<\/strong><\/strong><\/p>\n\n\n\n<p>Toutes les techniques sont exploitables : musique, danse, th\u00e9\u00e2tre, conte, mime, broderie, cin\u00e9ma, dentelle, dessin, peinture, modelage, calligraphie&#8230;&nbsp;<\/p>\n\n\n\n<p class=\"has-background-color has-accent-background-color has-text-color has-background\"><strong>L\u2019art-th\u00e9rapie soigne-t-elle toutes les maladies ?<\/strong><\/p>\n\n\n\n<p>Aujourd\u2019hui, l\u2019art-th\u00e9rapie intervient dans presque tous les services m\u00e9dicaux. Cependant, elle doit r\u00e9pondre aux indications m\u00e9dicales et en cela ne concerne pas toutes les maladies.<\/p>\n\n\n\n<p class=\"has-background-color has-secondary-background-color has-text-color has-background\"><strong>Quelle est la diff\u00e9rence entre l&rsquo;art-th\u00e9rapie moderne et l&rsquo;art-th\u00e9rapie traditionnelle ?<\/strong><\/p>\n\n\n\n<p>Aujourd&rsquo;hui, l&rsquo;art-th\u00e9rapie prend de plus en plus d&rsquo;importance dans les secteurs sanitaires, m\u00e9dico-sociaux et \u00e9ducatifs. De nombreuses facult\u00e9s de m\u00e9decine enseignent cette discipline.<br>Cependant, elle est souvent pr\u00e9sent\u00e9e \u00e0 tort sous une forme de psychoth\u00e9rapie.<\/p>\n\n\n\n<p>Pr\u00e9cisons d&rsquo;ailleurs que cette appellation d&rsquo;art-th\u00e9rapie (art-th\u00e9rapie traditionnelle) permet \u00e0 ceux qui la pratiquent d&rsquo;\u00e9chapper au d\u00e9cret sur la psychoth\u00e9rapie (n\u00b02010-534 du 20 mai 2010 relatif \u00e0 l&rsquo;usage du titre de psychoth\u00e9rapeute).<\/p>\n\n\n\n<p>Il semble alors n\u00e9cessaire de pr\u00e9ciser que l&rsquo;art-th\u00e9rapie moderne n&rsquo;est pas une sp\u00e9cialit\u00e9 mais une discipline \u00e0 part enti\u00e8re comme l&rsquo;orthophonie ou l&rsquo;ergoth\u00e9rapie et en cela elle r\u00e9pond aux r\u00e8gles tant scientifiques que d\u00e9ontologiques des activit\u00e9s param\u00e9dicales officielles.<\/p>\n\n\n\n<p class=\"has-background-color has-accent-background-color has-text-color has-background has-normal-font-size\"><strong>Vous avez des questions ? Demandez nous !<\/strong><\/p>\n\n\n\n<div class=\"wp-block-contact-form-7-contact-form-selector\">\n<div class=\"wpcf7 no-js\" id=\"wpcf7-f65-o1\" lang=\"fr-FR\" dir=\"ltr\">\n<div class=\"screen-reader-response\"><p role=\"status\" aria-live=\"polite\" aria-atomic=\"true\"><\/p> <ul><\/ul><\/div>\n<form action=\"\/index.php\/wp-json\/wp\/v2\/pages\/37#wpcf7-f65-o1\" method=\"post\" class=\"wpcf7-form init\" aria-label=\"Formulaire de contact\" novalidate=\"novalidate\" data-status=\"init\">\n<div style=\"display: none;\">\n<input type=\"hidden\" name=\"_wpcf7\" value=\"65\" \/>\n<input type=\"hidden\" name=\"_wpcf7_version\" value=\"5.8.7\" \/>\n<input type=\"hidden\" name=\"_wpcf7_locale\" value=\"fr_FR\" \/>\n<input type=\"hidden\" name=\"_wpcf7_unit_tag\" value=\"wpcf7-f65-o1\" \/>\n<input type=\"hidden\" name=\"_wpcf7_container_post\" value=\"0\" \/>\n<input type=\"hidden\" name=\"_wpcf7_posted_data_hash\" value=\"\" \/>\n<\/div>\n<p><label> Votre nom<br \/>\n<span class=\"wpcf7-form-control-wrap\" data-name=\"your-name\"><input size=\"40\" class=\"wpcf7-form-control wpcf7-text wpcf7-validates-as-required\" aria-required=\"true\" aria-invalid=\"false\" value=\"\" type=\"text\" name=\"your-name\" \/><\/span> <\/label>\n<\/p>\n<p><label> Votre e-mail<br \/>\n<span class=\"wpcf7-form-control-wrap\" data-name=\"your-email\"><input size=\"40\" class=\"wpcf7-form-control wpcf7-email wpcf7-validates-as-required wpcf7-text wpcf7-validates-as-email\" aria-required=\"true\" aria-invalid=\"false\" value=\"\" type=\"email\" name=\"your-email\" \/><\/span> <\/label>\n<\/p>\n<p><label> Votre message (facultatif)<br \/>\n<span class=\"wpcf7-form-control-wrap\" data-name=\"your-message\"><textarea cols=\"40\" rows=\"10\" class=\"wpcf7-form-control wpcf7-textarea\" aria-invalid=\"false\" name=\"your-message\"><\/textarea><\/span> <\/label>\n<\/p>\n<p><input class=\"wpcf7-form-control wpcf7-submit has-spinner\" type=\"submit\" value=\"Envoyer\" \/>\n<\/p><div class=\"wpcf7-response-output\" aria-hidden=\"true\"><\/div>\n<\/form>\n<\/div>\n<\/div>\n\n\n\n<p><\/p>\n","protected":false},"excerpt":{"rendered":"<p>Quelles sont les techniques artistiques utilisables en art-th\u00e9rapie ? Toutes les techniques sont exploitables : musique, danse, th\u00e9\u00e2tre, conte, mime, broderie, cin\u00e9ma, dentelle, dessin, peinture, modelage, calligraphie&#8230;&nbsp; L\u2019art-th\u00e9rapie soigne-t-elle toutes les maladies ? Aujourd\u2019hui, l\u2019art-th\u00e9rapie intervient dans presque tous les services m\u00e9dicaux. Cependant, elle doit r\u00e9pondre aux indications m\u00e9dicales et en cela ne concerne pas [&hellip;]<\/p>\n","protected":false},"author":1,"featured_media":0,"parent":0,"menu_order":0,"comment_status":"closed","ping_status":"closed","template":"","meta":[],"_links":{"self":[{"href":"https:\/\/sipe-at.org\/index.php\/wp-json\/wp\/v2\/pages\/37"}],"collection":[{"href":"https:\/\/sipe-at.org\/index.php\/wp-json\/wp\/v2\/pages"}],"about":[{"href":"https:\/\/sipe-at.org\/index.php\/wp-json\/wp\/v2\/types\/page"}],"author":[{"embeddable":true,"href":"https:\/\/sipe-at.org\/index.php\/wp-json\/wp\/v2\/users\/1"}],"replies":[{"embeddable":true,"href":"https:\/\/sipe-at.org\/index.php\/wp-json\/wp\/v2\/comments?post=37"}],"version-history":[{"count":6,"href":"https:\/\/sipe-at.org\/index.php\/wp-json\/wp\/v2\/pages\/37\/revisions"}],"predecessor-version":[{"id":67,"href":"https:\/\/sipe-at.org\/index.php\/wp-json\/wp\/v2\/pages\/37\/revisions\/67"}],"wp:attachment":[{"href":"https:\/\/sipe-at.org\/index.php\/wp-json\/wp\/v2\/media?parent=37"}],"curies":[{"name":"wp","href":"https:\/\/api.w.org\/{rel}","templated":true}]}}