{"id":386,"date":"2023-03-30T04:17:26","date_gmt":"2023-03-30T04:17:26","guid":{"rendered":"https:\/\/sipe-at.org\/?page_id=386"},"modified":"2024-09-20T09:41:41","modified_gmt":"2024-09-20T09:41:41","slug":"rejoignez-nous","status":"publish","type":"page","link":"https:\/\/sipe-at.org\/index.php\/rejoignez-nous\/","title":{"rendered":"Rejoignez-nous !"},"content":{"rendered":"\n<p class=\"has-text-color has-larger-font-size\" style=\"color:#f40707\"><strong>ADH\u00c9REZ en 2023 \u00e0 LA SIPE-AT !<\/strong><\/p>\n\n\n\n<h2 class=\"wp-block-heading\">Mesdames, Messieurs,<\/h2>\n\n\n\n<p><br>La SIPE-AT est la plus grande Soci\u00e9t\u00e9 Internationale de Psychopathologie de l&rsquo;Expression et d&rsquo;Art-Th\u00e9rapie. Elle regroupe tous les courants d&rsquo;art-th\u00e9rapie, organise des r\u00e9unions internationales et est \u00e0 l&rsquo;origine de nombreuses publications.<\/p>\n\n\n\n<p><br>Adh\u00e9rer \u00e0 la SIPE fait de vous un acteur essentiel de l&rsquo;Art-Th\u00e9rapie. Cela vous permet d&rsquo;acc\u00e9der \u00e0 l&rsquo;actualit\u00e9 internationale de ce domaine, vous assure des r\u00e9ductions aux congr\u00e8s&nbsp;o\u00f9 la SIPE est soit organisatrice, soit partenaire et vous donne la possibilit\u00e9 de recevoir de fa\u00e7on pr\u00e9f\u00e9rentielle les publications des congr\u00e8s.<\/p>\n\n\n\n<p><br>Aussi, pour nous rejoindre ou renouveler votre adh\u00e9sion, vous trouvez ci-joint le bordereau d&rsquo;<a href=\"https:\/\/sipe-at.org\/wp-content\/uploads\/2023\/03\/APPEL-COTISATION-SIPE-2023.docx\">appel de cotisation<\/a><strong> pour l&rsquo;ann\u00e9e 2023<\/strong>.<\/p>\n\n\n\n<p class=\"has-text-align-center has-normal-font-size\"><strong>Tarif d&rsquo;adh\u00e9sion 2023<\/strong> : Cotisant Actif : <strong>30 \u20acuros<\/strong> ; 1 \u00e8re Adh\u00e9sion ou \u00e9tudiant, retrait\u00e9, sans emploi : <strong>15 \u20acuros<\/strong><\/p>\n\n\n\n<p>Nous vous remercions pour votre soutien.<br>Cordialement,<\/p>\n\n\n\n<p><br>V\u00e9ronique BONNEFOI<br>Tr\u00e9sori\u00e8re SIPE-AT<\/p>\n\n\n\n<p class=\"has-text-align-center\">&nbsp;<\/p>\n\n\n\n<p><strong>H\u00f4pital de Psychiatrie, Service Universitaire de Psychiatrie et de Psychologie M\u00e9dicale<\/strong> <strong>(Prof. L. Schmitt)<\/strong><\/p>\n\n\n\n<p><strong>330 avenue de Grande Bretagne TSA 40031, 31059 Toulouse Cedex 9 France<\/strong><\/p>\n\n\n\n<p class=\"has-text-align-center\"><strong>Mail&nbsp;: &nbsp;<\/strong><a href=\"mailto:contactsipe@sipe-at.org\">contactsipe@sipe-at.org<\/a> ou <a href=\"mailto:schmitt.l@chu-toulouse.fr\">schmitt.l@chu-toulouse.fr<\/a><\/p>\n\n\n\n<p><em>Pr\u00e9sident d&rsquo;honneur<\/em>&nbsp;: <strong>Dr Guy Roux (France) &#8211;<em> &nbsp;&nbsp;<\/em><\/strong><em>Pr\u00e9sident<\/em><strong><em>&nbsp;: <\/em>Pr Laurent Schmitt (France)<\/strong> <\/p>\n\n\n\n<p><strong><em>\u00a0<\/em><\/strong><em>Vice-Pr\u00e9sidents<\/em><strong><em> :<\/em> Dr R.L. de Carvalho (Portugal), Dr V. Gavrilov (Russie), Pr Z. Vass (Hongrie), Pr M.P. Heuser (Allemagne), Pr J.S. Kim (Cor\u00e9e), Dr Xenia Lucas (Etats-Unis), Pr M. Marinovic (Chili), Dr Pr H. P\u00e9rez-Rinc\u00f3n (Mexique), Mme L. Polychroniadou (Gr\u00e8ce), Dr M. Tyszkiewicz (Pologne), Pr D. Waller (Angleterre), Dr K. Abe (Japon)<\/strong><\/p>\n\n\n\n<p>Secr\u00e9taire G\u00e9n\u00e9ral<strong> : En cours de nomination &#8211; <\/strong><\/p>\n\n\n\n<p>Secr\u00e9taire aux Relations Ext\u00e9rieures<strong> : Dr R.L. de Carvalho (Portugal)<\/strong><\/p>\n\n\n\n<p>Tr\u00e9sori\u00e8re<strong> : V\u00e9ronique BONNEFOI (France)<\/strong><\/p>\n\n\n\n<p>Charg\u00e9s de Mission sur dossier sp\u00e9cifique<strong> : Emmanuelle C\u00e9sari, Marie-H\u00e9l\u00e8ne Sales, Jean-Luc Sudres<\/strong><\/p>\n\n\n\n<p>Coordinateur des Charg\u00e9s de Mission<strong> : Pr Jean-Luc Sudres (France)<\/strong><\/p>\n\n\n\n<hr class=\"wp-block-separator has-alpha-channel-opacity\"\/>\n","protected":false},"excerpt":{"rendered":"<p>ADH\u00c9REZ en 2023 \u00e0 LA SIPE-AT ! Mesdames, Messieurs, La SIPE-AT est la plus grande Soci\u00e9t\u00e9 Internationale de Psychopathologie de l&rsquo;Expression et d&rsquo;Art-Th\u00e9rapie. Elle regroupe tous les courants d&rsquo;art-th\u00e9rapie, organise des r\u00e9unions internationales et est \u00e0 l&rsquo;origine de nombreuses publications. Adh\u00e9rer \u00e0 la SIPE fait de vous un acteur essentiel de l&rsquo;Art-Th\u00e9rapie. Cela vous permet [&hellip;]<\/p>\n","protected":false},"author":1,"featured_media":0,"parent":0,"menu_order":0,"comment_status":"closed","ping_status":"closed","template":"","meta":[],"_links":{"self":[{"href":"https:\/\/sipe-at.org\/index.php\/wp-json\/wp\/v2\/pages\/386"}],"collection":[{"href":"https:\/\/sipe-at.org\/index.php\/wp-json\/wp\/v2\/pages"}],"about":[{"href":"https:\/\/sipe-at.org\/index.php\/wp-json\/wp\/v2\/types\/page"}],"author":[{"embeddable":true,"href":"https:\/\/sipe-at.org\/index.php\/wp-json\/wp\/v2\/users\/1"}],"replies":[{"embeddable":true,"href":"https:\/\/sipe-at.org\/index.php\/wp-json\/wp\/v2\/comments?post=386"}],"version-history":[{"count":6,"href":"https:\/\/sipe-at.org\/index.php\/wp-json\/wp\/v2\/pages\/386\/revisions"}],"predecessor-version":[{"id":546,"href":"https:\/\/sipe-at.org\/index.php\/wp-json\/wp\/v2\/pages\/386\/revisions\/546"}],"wp:attachment":[{"href":"https:\/\/sipe-at.org\/index.php\/wp-json\/wp\/v2\/media?parent=386"}],"curies":[{"name":"wp","href":"https:\/\/api.w.org\/{rel}","templated":true}]}}