{"id":388,"date":"2023-03-30T04:19:18","date_gmt":"2023-03-30T04:19:18","guid":{"rendered":"https:\/\/sipe-at.org\/?page_id=388"},"modified":"2023-04-30T20:20:31","modified_gmt":"2023-04-30T20:20:31","slug":"join-us","status":"publish","type":"page","link":"https:\/\/sipe-at.org\/index.php\/en\/join-us\/","title":{"rendered":"Join us !"},"content":{"rendered":"\n<p class=\"has-text-color\" style=\"color:#f80647\"><strong><u>JOIN in 2023 THE SIPE-AT<\/u><\/strong><strong> !<\/strong><\/p>\n\n\n\n<p>Ladies and Gentlemen,<\/p>\n\n\n\n<p>SIPE-AT is the largest International Society of Psychopathology of Expression and Art Therapy. It brings together all the currents of art therapy, organizes international meetings and is at the origin of many publications.<\/p>\n\n\n\n<p>Joining SIPE makes you an essential player in Art Therapy. This allows you to access international news in this field, ensures you discounts at congresses where SIPE is either organizer or partner and gives you the opportunity to receive congress publications preferentially.<\/p>\n\n\n\n<p>Also, to join us or renew your membership, we send you attached<a href=\"https:\/\/sipe-at.org\/wp-content\/uploads\/2023\/03\/APPEL-COTISATION-SIPE-2023.docx\" data-type=\"URL\" data-id=\"https:\/\/sipe-at.org\/wp-content\/uploads\/2023\/03\/APPEL-COTISATION-SIPE-2023.docx\"> the call form<\/a> for the year 2023.<\/p>\n\n\n\n<p><strong><u>Membership amount 2023<\/u><\/strong> : <strong>Active contributor 30$<\/strong> ; <strong>1st Membership or Student, Retired, unenployed&nbsp;:&nbsp;<\/strong><strong>15$<\/strong><\/p>\n\n\n\n<p>Thank you for your support.<\/p>\n\n\n\n<p>Kind regards<\/p>\n\n\n\n<p>V\u00e9ronique BONNEFOI, SIPE-AT Treasurer<\/p>\n\n\n\n<p><\/p>\n\n\n\n<p class=\"has-text-align-center\"><strong>H\u00f4pital Purpan, Service Universitaire de Psychiatrie et de Psychologie M\u00e9dicale<\/strong><\/p>\n\n\n\n<p><strong>(Prof. L. Schmitt) TSA 70034, 330 avenue de Grande Bretagne 31059 Toulouse Cedex 9, France<\/strong><\/p>\n\n\n\n<p><strong>M\u00e9l&nbsp;: <\/strong><a rel=\"noreferrer noopener\" href=\"mailto:schmitt.l@chu-toulouse.fr\" target=\"_blank\">schmitt.l@chu-toulouse.fr<\/a> <\/p>\n\n\n\n<p><em>Honorary President<\/em>: <strong>Dr Guy Roux (France) &#8211;<\/strong><em>President<strong>&nbsp;: <\/strong><\/em><strong>Pr Laurent Schmitt (France)<\/strong><\/p>\n\n\n\n<p><em>Vice presidents<\/em><strong><em>:<\/em><\/strong><strong> Dr R.L. de Carvalho (Portugal), Dr V. Gavrilov (Russie), Pr Z. Vass (Hongrie), Pr M.P. Heuser (Allemagne), Pr J.S. Kim (Cor\u00e9e), Dr Xenia Lucas (Etats-Unis), Pr M. Marinovic (Chili), Dr Pr H. P\u00e9rez-Rinc\u00f3n (Mexique), Mme L. Polychroniadou (Gr\u00e8ce), Dr M. Tyszkiewicz (Pologne), Pr D. Waller (Angleterre), Pr Y. Yamanaka (Japon)<\/strong><\/p>\n\n\n\n<p>Secretary-general <strong>: En cours de nomination <\/strong>&#8211; Secretary for External Relations <strong>: Dr R.L. de Carvalho (Portugal)<\/strong><\/p>\n\n\n\n<p>Treasurer<strong> : V\u00e9ronique Bonnefoi (France)-<\/strong><\/p>\n\n\n\n<p><em>Project managers on specific file<\/em> <strong>: Emmanuelle C\u00e9sari, Marie-H\u00e9l\u00e8ne Sales, Jean-Luc Sudres<\/strong><\/p>\n\n\n\n<p>Coordinator of Project Managers <strong>: Pr Jean-Luc Sudres (France)<\/strong><\/p>\n\n\n\n<hr class=\"wp-block-separator has-alpha-channel-opacity\"\/>\n","protected":false},"excerpt":{"rendered":"<p>JOIN in 2023 THE SIPE-AT ! Ladies and Gentlemen, SIPE-AT is the largest International Society of Psychopathology of Expression and Art Therapy. It brings together all the currents of art therapy, organizes international meetings and is at the origin of many publications. Joining SIPE makes you an essential player in Art Therapy. This allows you [&hellip;]<\/p>\n","protected":false},"author":1,"featured_media":0,"parent":0,"menu_order":0,"comment_status":"closed","ping_status":"closed","template":"","meta":[],"_links":{"self":[{"href":"https:\/\/sipe-at.org\/index.php\/wp-json\/wp\/v2\/pages\/388"}],"collection":[{"href":"https:\/\/sipe-at.org\/index.php\/wp-json\/wp\/v2\/pages"}],"about":[{"href":"https:\/\/sipe-at.org\/index.php\/wp-json\/wp\/v2\/types\/page"}],"author":[{"embeddable":true,"href":"https:\/\/sipe-at.org\/index.php\/wp-json\/wp\/v2\/users\/1"}],"replies":[{"embeddable":true,"href":"https:\/\/sipe-at.org\/index.php\/wp-json\/wp\/v2\/comments?post=388"}],"version-history":[{"count":4,"href":"https:\/\/sipe-at.org\/index.php\/wp-json\/wp\/v2\/pages\/388\/revisions"}],"predecessor-version":[{"id":447,"href":"https:\/\/sipe-at.org\/index.php\/wp-json\/wp\/v2\/pages\/388\/revisions\/447"}],"wp:attachment":[{"href":"https:\/\/sipe-at.org\/index.php\/wp-json\/wp\/v2\/media?parent=388"}],"curies":[{"name":"wp","href":"https:\/\/api.w.org\/{rel}","templated":true}]}}