{"id":45,"date":"2022-02-16T03:32:46","date_gmt":"2022-02-16T03:32:46","guid":{"rendered":"https:\/\/sipe-at.org\/?page_id=45"},"modified":"2023-03-28T20:18:32","modified_gmt":"2023-03-28T20:18:32","slug":"galerie","status":"publish","type":"page","link":"https:\/\/sipe-at.org\/index.php\/galerie\/","title":{"rendered":"Galerie"},"content":{"rendered":"\n<figure class=\"wp-block-gallery has-nested-images columns-default is-cropped wp-block-gallery-1 is-layout-flex\">\n<figure class=\"wp-block-image size-large\"><img decoding=\"async\" loading=\"lazy\" width=\"724\" height=\"1288\" data-id=\"46\"  src=\"https:\/\/sipe-at.org\/wp-content\/uploads\/2022\/02\/15235408_1329905147028000_8411214479410780288_o.jpg\" alt=\"\" class=\"wp-image-46\"\/><\/figure>\n<\/figure>\n\n\n\n<div class=\"wp-block-columns is-layout-flex wp-container-6\">\n<div class=\"wp-block-column is-layout-flow\" style=\"flex-basis:100%\">\n<figure class=\"wp-block-gallery has-nested-images columns-default is-cropped wp-block-gallery-3 is-layout-flex\">\n<figure class=\"wp-block-image size-large\"><img decoding=\"async\" loading=\"lazy\" width=\"1024\" height=\"582\" src=\"https:\/\/sipe-at.org\/wp-content\/uploads\/2023\/03\/SIPE-CONGRES-2015-slika-1-1024x582.png\" alt=\"\" class=\"wp-image-310\" srcset=\"https:\/\/sipe-at.org\/wp-content\/uploads\/2023\/03\/SIPE-CONGRES-2015-slika-1-1024x582.png 1024w, https:\/\/sipe-at.org\/wp-content\/uploads\/2023\/03\/SIPE-CONGRES-2015-slika-1-300x170.png 300w, https:\/\/sipe-at.org\/wp-content\/uploads\/2023\/03\/SIPE-CONGRES-2015-slika-1-768x436.png 768w, https:\/\/sipe-at.org\/wp-content\/uploads\/2023\/03\/SIPE-CONGRES-2015-slika-1.png 1146w\" sizes=\"(max-width: 1024px) 100vw, 1024px\" \/><\/figure>\n<\/figure>\n<\/div>\n<\/div>\n\n\n\n<div class=\"wp-block-group is-layout-constrained\"><div class=\"wp-block-group__inner-container\">\n<figure class=\"wp-block-gallery has-nested-images columns-default is-cropped wp-block-gallery-7 is-layout-flex\">\n<figure class=\"wp-block-image size-large\"><img decoding=\"async\" loading=\"lazy\" width=\"956\" height=\"1024\" src=\"https:\/\/sipe-at.org\/wp-content\/uploads\/2023\/03\/SIPE-CONGRES-A-BELGRADE-1-956x1024.jpg\" alt=\"\" class=\"wp-image-311\" srcset=\"https:\/\/sipe-at.org\/wp-content\/uploads\/2023\/03\/SIPE-CONGRES-A-BELGRADE-1-956x1024.jpg 956w, https:\/\/sipe-at.org\/wp-content\/uploads\/2023\/03\/SIPE-CONGRES-A-BELGRADE-1-280x300.jpg 280w, https:\/\/sipe-at.org\/wp-content\/uploads\/2023\/03\/SIPE-CONGRES-A-BELGRADE-1-768x822.jpg 768w, https:\/\/sipe-at.org\/wp-content\/uploads\/2023\/03\/SIPE-CONGRES-A-BELGRADE-1-1200x1285.jpg 1200w, https:\/\/sipe-at.org\/wp-content\/uploads\/2023\/03\/SIPE-CONGRES-A-BELGRADE-1.jpg 1227w\" sizes=\"(max-width: 956px) 100vw, 956px\" \/><\/figure>\n<\/figure>\n<\/div><\/div>\n\n\n\n<hr class=\"wp-block-separator has-alpha-channel-opacity\"\/>\n\n\n\n<figure class=\"wp-block-image size-large\"><img decoding=\"async\" loading=\"lazy\" width=\"1024\" height=\"390\" src=\"https:\/\/sipe-at.org\/wp-content\/uploads\/2023\/03\/Image-9-1-1024x390.jpg\" alt=\"\" class=\"wp-image-347\" srcset=\"https:\/\/sipe-at.org\/wp-content\/uploads\/2023\/03\/Image-9-1-1024x390.jpg 1024w, https:\/\/sipe-at.org\/wp-content\/uploads\/2023\/03\/Image-9-1-300x114.jpg 300w, https:\/\/sipe-at.org\/wp-content\/uploads\/2023\/03\/Image-9-1-768x292.jpg 768w, https:\/\/sipe-at.org\/wp-content\/uploads\/2023\/03\/Image-9-1.jpg 1093w\" sizes=\"(max-width: 1024px) 100vw, 1024px\" \/><figcaption class=\"wp-element-caption\"><strong>Marathon artistique PsychArt24 &#8211; peignez et ne jugez pas pendant 24&nbsp;heures !<\/strong><\/figcaption><\/figure>\n\n\n\n<p><strong>Fondation Moravcsik (D\u00e9partement de psychiatrie et de psychoth\u00e9rapie de l&rsquo;Universit\u00e9 Semmelweis), Dr Lajos Simon<\/strong><\/p>\n\n\n\n<p>Le PsychArt24 Art Marathon a \u00e9t\u00e9 cr\u00e9\u00e9 pour r\u00e9duire les pr\u00e9jug\u00e9s \u00e0 l&rsquo;\u00e9gard des personnes en situation de handicap psychosocial, am\u00e9liorer leur qualit\u00e9 de vie et favoriser leur int\u00e9gration sociale. <\/p>\n\n\n\n<figure class=\"wp-block-image size-large\"><img decoding=\"async\" loading=\"lazy\" width=\"768\" height=\"1024\" src=\"https:\/\/sipe-at.org\/wp-content\/uploads\/2023\/03\/Image-7-1-768x1024.jpg\" alt=\"\" class=\"wp-image-348\" srcset=\"https:\/\/sipe-at.org\/wp-content\/uploads\/2023\/03\/Image-7-1-768x1024.jpg 768w, https:\/\/sipe-at.org\/wp-content\/uploads\/2023\/03\/Image-7-1-225x300.jpg 225w, https:\/\/sipe-at.org\/wp-content\/uploads\/2023\/03\/Image-7-1.jpg 842w\" sizes=\"(max-width: 768px) 100vw, 768px\" \/><\/figure>\n\n\n\n<p>Les organisateurs voulaient r\u00e9unir des personnes atteintes de maladies psychiatriques et leurs familles avec des personnes souffrant de troubles mentaux dans un \u00e9v\u00e9nement physique. L&rsquo;exp\u00e9rience partag\u00e9e contribue \u00e0 r\u00e9duire les pr\u00e9jug\u00e9s \u00e0 l&rsquo;\u00e9gard des personnes souffrant de handicaps psycho-sociaux. Leur r\u00e9insertion sociale est souvent entrav\u00e9e non seulement par leurs propres probl\u00e8mes de sant\u00e9 mentale, mais aussi par les pr\u00e9jug\u00e9s qui existent \u00e0 leur encontre. L&rsquo;art-th\u00e9rapie joue un r\u00f4le important dans leur traitement, car elle permet aux participants de lib\u00e9rer leur tension int\u00e9rieure et d&rsquo;exprimer leurs \u00e9motions \u00e0 travers le processus cr\u00e9atif. Environ 15 % des patients commencent spontan\u00e9ment \u00e0 peindre, \u00e0 \u00e9crire de la po\u00e9sie, de la prose ou de la musique apr\u00e8s le d\u00e9but de la maladie. De cette fa\u00e7on, ils sont capables de rendre leur monde int\u00e9rieur et leurs luttes visibles \u00e0 eux-m\u00eames et au monde ext\u00e9rieur, et de r\u00e9fl\u00e9chir sur eux-m\u00eames \u00e0 travers leurs \u0153uvres d&rsquo;art.<\/p>\n\n\n\n<h2 class=\"has-text-align-center has-text-color has-large-font-size wp-block-heading\" style=\"color:#1702f8\">12\u00e8me exposition et foire d&rsquo;art PsychArt24 (2022)<\/h2>\n\n\n\n<figure class=\"wp-block-gallery has-nested-images columns-default is-cropped wp-block-gallery-10 is-layout-flex\">\n<figure class=\"wp-block-image size-large\"><img decoding=\"async\" loading=\"lazy\" width=\"922\" height=\"1024\" data-id=\"323\"  src=\"https:\/\/sipe-at.org\/wp-content\/uploads\/2023\/03\/Image-6-922x1024.jpg\" alt=\"\" class=\"wp-image-323\" srcset=\"https:\/\/sipe-at.org\/wp-content\/uploads\/2023\/03\/Image-6-922x1024.jpg 922w, https:\/\/sipe-at.org\/wp-content\/uploads\/2023\/03\/Image-6-270x300.jpg 270w, https:\/\/sipe-at.org\/wp-content\/uploads\/2023\/03\/Image-6-768x853.jpg 768w, https:\/\/sipe-at.org\/wp-content\/uploads\/2023\/03\/Image-6.jpg 1012w\" sizes=\"(max-width: 922px) 100vw, 922px\" \/><\/figure>\n\n\n\n<figure class=\"wp-block-image size-large\"><img decoding=\"async\" loading=\"lazy\" width=\"768\" height=\"1024\" data-id=\"322\"  src=\"https:\/\/sipe-at.org\/wp-content\/uploads\/2023\/03\/Image-5-768x1024.jpg\" alt=\"\" class=\"wp-image-322\" srcset=\"https:\/\/sipe-at.org\/wp-content\/uploads\/2023\/03\/Image-5-768x1024.jpg 768w, https:\/\/sipe-at.org\/wp-content\/uploads\/2023\/03\/Image-5-225x300.jpg 225w, https:\/\/sipe-at.org\/wp-content\/uploads\/2023\/03\/Image-5.jpg 843w\" sizes=\"(max-width: 768px) 100vw, 768px\" \/><\/figure>\n<\/figure>\n\n\n\n<p>Pr\u00e8s de 60 \u0153uvres s\u00e9lectionn\u00e9es parmi les images produites au Art Marathon de Budapest, Debrecen, Szeged et P\u00e9cs (Hongrie) ont \u00e9t\u00e9 expos\u00e9es, ainsi que les \u00ab\u00a0Kittizens in Budapest\u00a0\u00bb de l&rsquo;artiste new-yorkais Rob Anderson, qui ont \u00e9t\u00e9 peintes par les participants de PsychArt24 Budapest lors du Marathon de l&rsquo;Art 2022<\/p>\n\n\n\n<hr class=\"wp-block-separator has-alpha-channel-opacity\"\/>\n\n\n\n<h2 class=\"wp-block-heading\">Tosquelles Glossary _ Inside the exhibition _ CCCB.html<\/h2>\n\n\n\n<figure class=\"wp-block-image size-large\"><a href=\"https:\/\/www.cccb.org\/en\/exhibitions\/guide\/francesc-tosquelles\/237849\"><img decoding=\"async\" loading=\"lazy\" width=\"1024\" height=\"592\" src=\"https:\/\/sipe-at.org\/wp-content\/uploads\/2023\/03\/Tosquelles_0_-Resum-1024x592.jpg\" alt=\"\" class=\"wp-image-375\" srcset=\"https:\/\/sipe-at.org\/wp-content\/uploads\/2023\/03\/Tosquelles_0_-Resum-1024x592.jpg 1024w, https:\/\/sipe-at.org\/wp-content\/uploads\/2023\/03\/Tosquelles_0_-Resum-300x173.jpg 300w, https:\/\/sipe-at.org\/wp-content\/uploads\/2023\/03\/Tosquelles_0_-Resum-768x444.jpg 768w, https:\/\/sipe-at.org\/wp-content\/uploads\/2023\/03\/Tosquelles_0_-Resum.jpg 1100w\" sizes=\"(max-width: 1024px) 100vw, 1024px\" \/><\/a><\/figure>\n\n\n<p><a href=\"https:\/\/www.cccb.org\/en\/exhibitions\/guide\/francesc-tosquelles\/237849\">https:\/\/www.cccb.org\/en\/exhibitions\/guide\/francesc-tosquelles\/237849<\/a><\/p>","protected":false},"excerpt":{"rendered":"<p>Fondation Moravcsik (D\u00e9partement de psychiatrie et de psychoth\u00e9rapie de l&rsquo;Universit\u00e9 Semmelweis), Dr Lajos Simon Le PsychArt24 Art Marathon a \u00e9t\u00e9 cr\u00e9\u00e9 pour r\u00e9duire les pr\u00e9jug\u00e9s \u00e0 l&rsquo;\u00e9gard des personnes en situation de handicap psychosocial, am\u00e9liorer leur qualit\u00e9 de vie et favoriser leur int\u00e9gration sociale. Les organisateurs voulaient r\u00e9unir des personnes atteintes de maladies psychiatriques et [&hellip;]<\/p>\n","protected":false},"author":1,"featured_media":0,"parent":0,"menu_order":0,"comment_status":"closed","ping_status":"closed","template":"","meta":[],"_links":{"self":[{"href":"https:\/\/sipe-at.org\/index.php\/wp-json\/wp\/v2\/pages\/45"}],"collection":[{"href":"https:\/\/sipe-at.org\/index.php\/wp-json\/wp\/v2\/pages"}],"about":[{"href":"https:\/\/sipe-at.org\/index.php\/wp-json\/wp\/v2\/types\/page"}],"author":[{"embeddable":true,"href":"https:\/\/sipe-at.org\/index.php\/wp-json\/wp\/v2\/users\/1"}],"replies":[{"embeddable":true,"href":"https:\/\/sipe-at.org\/index.php\/wp-json\/wp\/v2\/comments?post=45"}],"version-history":[{"count":5,"href":"https:\/\/sipe-at.org\/index.php\/wp-json\/wp\/v2\/pages\/45\/revisions"}],"predecessor-version":[{"id":383,"href":"https:\/\/sipe-at.org\/index.php\/wp-json\/wp\/v2\/pages\/45\/revisions\/383"}],"wp:attachment":[{"href":"https:\/\/sipe-at.org\/index.php\/wp-json\/wp\/v2\/media?parent=45"}],"curies":[{"name":"wp","href":"https:\/\/api.w.org\/{rel}","templated":true}]}}